{"id":5,"date":"2020-03-17T10:59:56","date_gmt":"2020-03-17T09:59:56","guid":{"rendered":"http:\/\/www.sejour.petits-terroirs.fr\/?page_id=5"},"modified":"2025-03-12T22:42:36","modified_gmt":"2025-03-12T21:42:36","slug":"choisissez-vos-dates","status":"publish","type":"page","link":"https:\/\/www.location-lille.fr\/","title":{"rendered":"R\u00e9servez votre s\u00e9jour en studio \u00e0 Lille, Entre les 2 gares , Euralille."},"content":{"rendered":"\n<p class=\"has-secondary-color has-text-color\">Id\u00e9alement situ\u00e9s entre les 2 gares Lille Flandres et Lille Europe, et au dessus du centre commercial Euralille, nos studios pour 2 personnes vous accueillent pour vos s\u00e9jours \u00e0 Lille.<\/p>\n\n\n\n<h3 class=\"wp-block-heading\" id=\"choisissez-vos-dates\"><em>Choisissez vos dates :<\/em><\/h3>\n\n\n\n<div id=\"booking-tool-container-allApartments\">\n<script type=\"text\/javascript\" src=\"https:\/\/login.smoobu.com\/js\/Settings\/BookingToolIframe.js\"><\/script>\n<script>BookingToolIframe.initialize({\"url\": \"https:\/\/login.smoobu.com\/fr\/booking-tool\/iframe\/86925?apartmentGroups[]=1489495&apartmentGroups[]=292356&apartmentGroups[]=1314355&apartmentGroups[]=1441179&apartmentGroups[]=352139&apartmentGroups[]=292365&apartmentGroups[]=292368&apartmentGroups[]=292371&apartmentGroups[]=292374&apartmentGroups[]=352142&apartmentGroups[]=352127&apartmentGroups[]=352133&apartmentGroups[]=3521393&apartmentGroups[]=1441179&apartmentGroups[]=2056297&apartmentGroups[]=1976882\", \"baseUrl\": \"https:\/\/login.smoobu.com\", \"target\": \"#booking-tool-container-allApartments\"})<\/script>\n<\/div>\n\n\n\n<p><\/p>\n\n\n\n<p><\/p>\n\n\n\n<p><\/p>\n\n\n\n<p><\/p>\n\n\n\n<p><\/p>\n\n\n\n<p><\/p>\n\n\n\n<p style=\"font-size:15.5px\">Contact et aide : <a href=\"mailto:contact@location-lille.fr\" target=\"_blank\" rel=\"noreferrer noopener\">contact@location-lille.fr<\/a> ou  tel 0033 6 89 93 47 49<\/p>\n\n\n\n<p>Mentions L\u00e9gales<\/p>\n","protected":false},"excerpt":{"rendered":"<p>Id\u00e9alement situ\u00e9s entre les 2 gares Lille Flandres et Lille Europe, et au dessus du centre commercial Euralille, nos studios pour 2 personnes vous accueillent pour vos s\u00e9jours \u00e0 Lille. Choisissez vos dates : Contact et aide : contact@location-lille.fr ou tel 0033 6 89 93 47 49 Mentions L\u00e9gales<\/p>\n","protected":false},"author":1,"featured_media":0,"parent":0,"menu_order":0,"comment_status":"closed","ping_status":"closed","template":"","meta":{"_uag_custom_page_level_css":""},"acf":[],"uagb_featured_image_src":{"full":false,"thumbnail":false,"medium":false,"medium_large":false,"large":false,"1536x1536":false,"2048x2048":false,"image_800x600":false},"uagb_author_info":{"display_name":"nicolas","author_link":"https:\/\/www.location-lille.fr\/index.php\/author\/nicolas\/"},"uagb_comment_info":2242,"uagb_excerpt":"Id\u00e9alement situ\u00e9s entre les 2 gares Lille Flandres et Lille Europe, et au dessus du centre commercial Euralille, nos studios pour 2 personnes vous accueillent pour vos s\u00e9jours \u00e0 Lille. Choisissez vos dates : Contact et aide : contact@location-lille.fr ou tel 0033 6 89 93 47 49 Mentions L\u00e9gales","_links":{"self":[{"href":"https:\/\/www.location-lille.fr\/index.php\/wp-json\/wp\/v2\/pages\/5"}],"collection":[{"href":"https:\/\/www.location-lille.fr\/index.php\/wp-json\/wp\/v2\/pages"}],"about":[{"href":"https:\/\/www.location-lille.fr\/index.php\/wp-json\/wp\/v2\/types\/page"}],"author":[{"embeddable":true,"href":"https:\/\/www.location-lille.fr\/index.php\/wp-json\/wp\/v2\/users\/1"}],"replies":[{"embeddable":true,"href":"https:\/\/www.location-lille.fr\/index.php\/wp-json\/wp\/v2\/comments?post=5"}],"version-history":[{"count":41,"href":"https:\/\/www.location-lille.fr\/index.php\/wp-json\/wp\/v2\/pages\/5\/revisions"}],"predecessor-version":[{"id":263,"href":"https:\/\/www.location-lille.fr\/index.php\/wp-json\/wp\/v2\/pages\/5\/revisions\/263"}],"wp:attachment":[{"href":"https:\/\/www.location-lille.fr\/index.php\/wp-json\/wp\/v2\/media?parent=5"}],"curies":[{"name":"wp","href":"https:\/\/api.w.org\/{rel}","templated":true}]}}